{"id":102,"date":"2020-08-27T09:24:16","date_gmt":"2020-08-27T09:24:16","guid":{"rendered":"http:\/\/vaska.is\/?page_id=102"},"modified":"2020-08-27T09:51:12","modified_gmt":"2020-08-27T09:51:12","slug":"lifsstill","status":"publish","type":"page","link":"https:\/\/vaska.is\/?page_id=102","title":{"rendered":"L\u00edfsst\u00edll"},"content":{"rendered":"\n<div class=\"wp-block-columns\">\n<div class=\"wp-block-column\" style=\"flex-basis:33.33%\">\n<figure class=\"wp-block-image size-large\"><a href=\"\/\/lifsstill.net\" target=\"_blank\" rel=\"noopener noreferrer\"><img loading=\"lazy\" width=\"400\" height=\"312\" src=\"http:\/\/vaska.is\/wp-content\/uploads\/2020\/08\/lifsstill.jpg\" alt=\"\" class=\"wp-image-103\" srcset=\"https:\/\/vaska.is\/wp-content\/uploads\/2020\/08\/lifsstill.jpg 400w, https:\/\/vaska.is\/wp-content\/uploads\/2020\/08\/lifsstill-300x234.jpg 300w\" sizes=\"(max-width: 400px) 100vw, 400px\" \/><\/a><\/figure>\n<\/div>\n\n\n\n<div class=\"wp-block-column\" style=\"flex-basis:66.66%\">\n<h5><em>\u201eEiningin fr\u00e1 Vaska var fullkomin vi\u00f0b\u00f3t vi\u00f0 okkar hreinl\u00e6ti fyrir f\u00f3lki\u00f0 \u00ed <strong>L\u00edfsst\u00edl<\/strong>.\u201c<\/em><\/h5>\n\n\n\n<h6 class=\"has-text-align-right\"><em>Vikar Sigurj\u00f3nsson, L\u00edfsst\u00edll l\u00edkamsr\u00e6kt.<\/em><\/h6>\n\n\n\n<p><\/p>\n<\/div>\n<\/div>\n","protected":false},"excerpt":{"rendered":"<p>\u201eEiningin fr\u00e1 Vaska var fullkomin vi\u00f0b\u00f3t vi\u00f0 okkar hreinl\u00e6ti fyrir f\u00f3lki\u00f0 \u00ed L\u00edfsst\u00edl.\u201c Vikar Sigurj\u00f3nsson, L\u00edfsst\u00edll l\u00edkamsr\u00e6kt.<\/p>\n","protected":false},"author":2,"featured_media":0,"parent":0,"menu_order":0,"comment_status":"closed","ping_status":"closed","template":"","meta":[],"_links":{"self":[{"href":"https:\/\/vaska.is\/index.php?rest_route=\/wp\/v2\/pages\/102"}],"collection":[{"href":"https:\/\/vaska.is\/index.php?rest_route=\/wp\/v2\/pages"}],"about":[{"href":"https:\/\/vaska.is\/index.php?rest_route=\/wp\/v2\/types\/page"}],"author":[{"embeddable":true,"href":"https:\/\/vaska.is\/index.php?rest_route=\/wp\/v2\/users\/2"}],"replies":[{"embeddable":true,"href":"https:\/\/vaska.is\/index.php?rest_route=%2Fwp%2Fv2%2Fcomments&post=102"}],"version-history":[{"count":3,"href":"https:\/\/vaska.is\/index.php?rest_route=\/wp\/v2\/pages\/102\/revisions"}],"predecessor-version":[{"id":112,"href":"https:\/\/vaska.is\/index.php?rest_route=\/wp\/v2\/pages\/102\/revisions\/112"}],"wp:attachment":[{"href":"https:\/\/vaska.is\/index.php?rest_route=%2Fwp%2Fv2%2Fmedia&parent=102"}],"curies":[{"name":"wp","href":"https:\/\/api.w.org\/{rel}","templated":true}]}}