{"id":114,"date":"2020-09-25T08:42:33","date_gmt":"2020-09-25T08:42:33","guid":{"rendered":"http:\/\/vaska.is\/?page_id=114"},"modified":"2020-09-25T08:44:59","modified_gmt":"2020-09-25T08:44:59","slug":"sjalfvirkur-skammtari","status":"publish","type":"page","link":"https:\/\/vaska.is\/?page_id=114","title":{"rendered":"Sj\u00e1lfvirkur skammtari"},"content":{"rendered":"\n<p><\/p>\n\n\n\n<figure class=\"wp-block-video\"><video controls poster=\"http:\/\/vaska.is\/wp-content\/uploads\/2020\/09\/sja\u0301lfvirkur-skammtari.jpg\" src=\"http:\/\/vaska.is\/wp-content\/uploads\/2020\/09\/sja\u0301lfvirkur-skammtari.mp4\"><\/video><\/figure>\n\n\n\n<h6><strong>VASKA<\/strong> b\u00fd\u00f0ur upp \u00e1 \u00feessa sj\u00e1lfvikur skammtara. L\u00e1tlaus og a\u00f0gengileg lausn fyrir fyrirt\u00e6ki og stofnanir sem vilja vera me\u00f0 s\u00ednar s\u00f3ttvarnir \u00e1 hreinu.<\/h6>\n\n\n\n<h6>Ef \u00fe\u00fa telur a\u00f0 <strong>VASKA<\/strong> g\u00e6ti veri\u00f0 me\u00f0 lausnina sem \u00fe\u00fa hefur veri\u00f0 a\u00f0 leita a\u00f0 skaltu ekki hika a\u00f0 hafa samband vi\u00f0 J\u00f3hann <strong>Issa<\/strong> Hallgr\u00edmsson, s\u00f6lustj\u00f3ra <strong>VASKA<\/strong>, \u00ed s\u00edma <strong>843-9333<\/strong> e\u00f0a \u00ed <a href=\"mailto:vaska@vaska.is\"><strong>t\u00f6lvup\u00f3sti<\/strong><\/a> til a\u00f0 f\u00e1 frekari uppl\u00fdsingar.<\/h6>\n\n\n\n<p><\/p>\n","protected":false},"excerpt":{"rendered":"<p>VASKA b\u00fd\u00f0ur upp \u00e1 \u00feessa sj\u00e1lfvikur skammtara. L\u00e1tlaus og a\u00f0gengileg lausn fyrir fyrirt\u00e6ki og stofnanir sem vilja vera me\u00f0 s\u00ednar s\u00f3ttvarnir \u00e1 hreinu. Ef \u00fe\u00fa telur a\u00f0 VASKA g\u00e6ti veri\u00f0 me\u00f0 lausnina sem \u00fe\u00fa hefur veri\u00f0 a\u00f0 leita a\u00f0 skaltu ekki hika a\u00f0 hafa&#8230;<\/p>\n","protected":false},"author":2,"featured_media":116,"parent":0,"menu_order":0,"comment_status":"closed","ping_status":"closed","template":"","meta":[],"_links":{"self":[{"href":"https:\/\/vaska.is\/index.php?rest_route=\/wp\/v2\/pages\/114"}],"collection":[{"href":"https:\/\/vaska.is\/index.php?rest_route=\/wp\/v2\/pages"}],"about":[{"href":"https:\/\/vaska.is\/index.php?rest_route=\/wp\/v2\/types\/page"}],"author":[{"embeddable":true,"href":"https:\/\/vaska.is\/index.php?rest_route=\/wp\/v2\/users\/2"}],"replies":[{"embeddable":true,"href":"https:\/\/vaska.is\/index.php?rest_route=%2Fwp%2Fv2%2Fcomments&post=114"}],"version-history":[{"count":3,"href":"https:\/\/vaska.is\/index.php?rest_route=\/wp\/v2\/pages\/114\/revisions"}],"predecessor-version":[{"id":120,"href":"https:\/\/vaska.is\/index.php?rest_route=\/wp\/v2\/pages\/114\/revisions\/120"}],"wp:featuredmedia":[{"embeddable":true,"href":"https:\/\/vaska.is\/index.php?rest_route=\/wp\/v2\/media\/116"}],"wp:attachment":[{"href":"https:\/\/vaska.is\/index.php?rest_route=%2Fwp%2Fv2%2Fmedia&parent=114"}],"curies":[{"name":"wp","href":"https:\/\/api.w.org\/{rel}","templated":true}]}}