{"id":42,"date":"2020-08-26T02:33:14","date_gmt":"2020-08-26T02:33:14","guid":{"rendered":"http:\/\/vaska.is\/?page_id=42"},"modified":"2020-08-26T03:23:11","modified_gmt":"2020-08-26T03:23:11","slug":"faeranleg-handthvottastod-staerri-gerd","status":"publish","type":"page","link":"https:\/\/vaska.is\/?page_id=42","title":{"rendered":"F\u00e6ranleg hand\u00fevottast\u00f6\u00f0 (st\u00e6rri ger\u00f0)"},"content":{"rendered":"\n<div class=\"wp-block-columns\">\n<div class=\"wp-block-column\" style=\"flex-basis:66.66%\">\n<h4 id=\"block-15852be7-129a-4c29-8666-2dc62edc0ff1\">St\u00e6rri st\u00f6\u00f0in kemur me\u00f0:<\/h4>\n\n\n\n<p id=\"block-227998a5-cb9e-4117-ae70-bb16763ca4b1\">\u2714 Fj\u00f3rum sn\u00faningshj\u00f3lum me\u00f0 bremsum<\/p>\n\n\n\n<p id=\"block-abaa9216-6cb7-4ada-9ee5-1f9e2091e017\">\u2714 Fj\u00f3rum ry\u00f0fr\u00edum st\u00e1lv\u00f6skum me\u00f0 snertilausri virkni<\/p>\n\n\n\n<p id=\"block-1a1ef864-6365-46b6-992e-95d90ceb9110\">\u2714 Fj\u00f3rum hn\u00e9hn\u00f6ppum fyrir vatn<\/p>\n\n\n\n<p id=\"block-8dc70bec-9b2a-45cf-972c-75137f7e246f\">\u2714 Fj\u00f3rum hand\u00feurrkusk\u00f6mmturum<\/p>\n\n\n\n<p id=\"block-c12b4962-9834-48fb-bd3e-0466a4c3f22b\">\u2714 Fj\u00f3rum s\u00e1pusk\u00f6mmturum<\/p>\n\n\n\n<p id=\"block-0f701c13-e414-422e-88da-1cdcdaa43ef5\">\u2714 Tengi fyrir vatnsinntak og affall<\/p>\n<\/div>\n\n\n\n<div class=\"wp-block-column\" style=\"flex-basis:33.33%\">\n<h5 id=\"block-37f6b379-5039-4e56-91da-47c182c1e884\">N\u00e1nari l\u00fdsing:<\/h5>\n\n\n\n<p id=\"block-dcffbb0a-866b-4d3f-b70e-03e95e8adf26\">H\u00e6\u00f0: 204 cm<br>Breidd: 75 cm<br>D\u00fdpt: 185 cm<br>H\u00e6\u00f0 vasks: 90 cm<br>\u00deyngd: 175 kg (einungis st\u00f6\u00f0in)<br>Litur: Antracite | RAL 7016<\/p>\n<\/div>\n<\/div>\n","protected":false},"excerpt":{"rendered":"<p>St\u00e6rri st\u00f6\u00f0in kemur me\u00f0: \u2714 Fj\u00f3rum sn\u00faningshj\u00f3lum me\u00f0 bremsum \u2714 Fj\u00f3rum ry\u00f0fr\u00edum st\u00e1lv\u00f6skum me\u00f0 snertilausri virkni \u2714 Fj\u00f3rum hn\u00e9hn\u00f6ppum fyrir vatn \u2714 Fj\u00f3rum hand\u00feurrkusk\u00f6mmturum \u2714 Fj\u00f3rum s\u00e1pusk\u00f6mmturum \u2714 Tengi fyrir vatnsinntak og affall N\u00e1nari l\u00fdsing: H\u00e6\u00f0: 204 cmBreidd: 75 cmD\u00fdpt: 185 cmH\u00e6\u00f0 vasks: 90&#8230;<\/p>\n","protected":false},"author":2,"featured_media":47,"parent":0,"menu_order":1,"comment_status":"closed","ping_status":"closed","template":"","meta":[],"_links":{"self":[{"href":"https:\/\/vaska.is\/index.php?rest_route=\/wp\/v2\/pages\/42"}],"collection":[{"href":"https:\/\/vaska.is\/index.php?rest_route=\/wp\/v2\/pages"}],"about":[{"href":"https:\/\/vaska.is\/index.php?rest_route=\/wp\/v2\/types\/page"}],"author":[{"embeddable":true,"href":"https:\/\/vaska.is\/index.php?rest_route=\/wp\/v2\/users\/2"}],"replies":[{"embeddable":true,"href":"https:\/\/vaska.is\/index.php?rest_route=%2Fwp%2Fv2%2Fcomments&post=42"}],"version-history":[{"count":5,"href":"https:\/\/vaska.is\/index.php?rest_route=\/wp\/v2\/pages\/42\/revisions"}],"predecessor-version":[{"id":65,"href":"https:\/\/vaska.is\/index.php?rest_route=\/wp\/v2\/pages\/42\/revisions\/65"}],"wp:featuredmedia":[{"embeddable":true,"href":"https:\/\/vaska.is\/index.php?rest_route=\/wp\/v2\/media\/47"}],"wp:attachment":[{"href":"https:\/\/vaska.is\/index.php?rest_route=%2Fwp%2Fv2%2Fmedia&parent=42"}],"curies":[{"name":"wp","href":"https:\/\/api.w.org\/{rel}","templated":true}]}}