{"id":49,"date":"2020-08-26T02:55:54","date_gmt":"2020-08-26T02:55:54","guid":{"rendered":"http:\/\/vaska.is\/?page_id=49"},"modified":"2020-08-27T08:47:57","modified_gmt":"2020-08-27T08:47:57","slug":"faeranleg-handthvottastod-minni-gerd","status":"publish","type":"page","link":"https:\/\/vaska.is\/?page_id=49","title":{"rendered":"F\u00e6ranleg hand\u00fevottast\u00f6\u00f0 (minnI ger\u00f0)"},"content":{"rendered":"\n<div class=\"wp-block-columns\">\n<div class=\"wp-block-column\" style=\"flex-basis:66.66%\">\n<h4>Minni st\u00f6\u00f0in kemur me\u00f0:<\/h4>\n\n\n\n<p>\u2714 Fj\u00f3rum sn\u00faningshj\u00f3lum, tveimur me\u00f0 bremsum<\/p>\n\n\n\n<p>\u2714 Ry\u00f0fr\u00edum st\u00e1lvaski me\u00f0 snertilausri virkni<\/p>\n\n\n\n<p>\u2714 F\u00f3tstigi fyrir vatn<\/p>\n\n\n\n<p>\u2714 20 l\u00edtra tanki fyrir hreint vatn<\/p>\n\n\n\n<p>\u2714 20 l\u00edtra tanki fyrir affallsvatn<\/p>\n\n\n\n<p>\u2714 Hand\u00feurrkuskammtara (tork)<\/p>\n\n\n\n<p>\u2714 S\u00e1puskammtara<\/p>\n\n\n\n<p>\u2714 Hur\u00f0 me\u00f0 l\u00e1s<\/p>\n<\/div>\n\n\n\n<div class=\"wp-block-column\" style=\"flex-basis:33.33%\">\n<h5>N\u00e1nari l\u00fdsing:<\/h5>\n\n\n\n<p>H\u00e6\u00f0: 150 cm<br>Breidd: 79 cm<br>D\u00fdpt: 49 cm<br>H\u00e6\u00f0 vasks: 90 cm<br>\u00deyngd: 36 kg (einungis st\u00f6\u00f0in)<br>Litur: Svartur | RAL 9005<\/p>\n<\/div>\n<\/div>\n","protected":false},"excerpt":{"rendered":"<p>Minni st\u00f6\u00f0in kemur me\u00f0: \u2714 Fj\u00f3rum sn\u00faningshj\u00f3lum, tveimur me\u00f0 bremsum \u2714 Ry\u00f0fr\u00edum st\u00e1lvaski me\u00f0 snertilausri virkni \u2714 F\u00f3tstigi fyrir vatn \u2714 20 l\u00edtra tanki fyrir hreint vatn \u2714 20 l\u00edtra tanki fyrir affallsvatn \u2714 Hand\u00feurrkuskammtara (tork) \u2714 S\u00e1puskammtara \u2714 Hur\u00f0 me\u00f0 l\u00e1s N\u00e1nari l\u00fdsing:&#8230;<\/p>\n","protected":false},"author":2,"featured_media":51,"parent":0,"menu_order":2,"comment_status":"closed","ping_status":"closed","template":"","meta":[],"_links":{"self":[{"href":"https:\/\/vaska.is\/index.php?rest_route=\/wp\/v2\/pages\/49"}],"collection":[{"href":"https:\/\/vaska.is\/index.php?rest_route=\/wp\/v2\/pages"}],"about":[{"href":"https:\/\/vaska.is\/index.php?rest_route=\/wp\/v2\/types\/page"}],"author":[{"embeddable":true,"href":"https:\/\/vaska.is\/index.php?rest_route=\/wp\/v2\/users\/2"}],"replies":[{"embeddable":true,"href":"https:\/\/vaska.is\/index.php?rest_route=%2Fwp%2Fv2%2Fcomments&post=49"}],"version-history":[{"count":5,"href":"https:\/\/vaska.is\/index.php?rest_route=\/wp\/v2\/pages\/49\/revisions"}],"predecessor-version":[{"id":100,"href":"https:\/\/vaska.is\/index.php?rest_route=\/wp\/v2\/pages\/49\/revisions\/100"}],"wp:featuredmedia":[{"embeddable":true,"href":"https:\/\/vaska.is\/index.php?rest_route=\/wp\/v2\/media\/51"}],"wp:attachment":[{"href":"https:\/\/vaska.is\/index.php?rest_route=%2Fwp%2Fv2%2Fmedia&parent=49"}],"curies":[{"name":"wp","href":"https:\/\/api.w.org\/{rel}","templated":true}]}}