{"id":58,"date":"2020-08-26T03:15:53","date_gmt":"2020-08-26T03:15:53","guid":{"rendered":"http:\/\/vaska.is\/?page_id=58"},"modified":"2020-08-27T08:49:04","modified_gmt":"2020-08-27T08:49:04","slug":"vaska-snertilausar-hreinlaetislausnir","status":"publish","type":"page","link":"https:\/\/vaska.is\/","title":{"rendered":"VASKA &#8211; snertilausar hreinl\u00e6tislausnir"},"content":{"rendered":"\n<h3 class=\"has-text-align-center\"><strong>VASKA<\/strong> er me\u00f0 lausnina fyrir fyrirt\u00e6ki sem vilja hafa heilbrig\u00f0a umgengni og snyrtimennsku \u00ed fyrirr\u00fami.<\/h3>\n\n\n\n<h6 class=\"has-text-align-center\">Ef \u00fe\u00fa telur a\u00f0 <strong>VASKA<\/strong> g\u00e6ti veri\u00f0 me\u00f0 lausnina sem \u00fe\u00fa hefur veri\u00f0 a\u00f0 leita a\u00f0 skaltu ekki hika a\u00f0 hafa samband vi\u00f0 J\u00f3hann <strong>Issa<\/strong> Hallgr\u00edmsson, s\u00f6lustj\u00f3ra <strong>VASKA<\/strong>, \u00ed s\u00edma <strong>843-9333<\/strong> e\u00f0a \u00ed <a href=\"mailto:vaska@vaska.is\"><strong>t\u00f6lvup\u00f3sti<\/strong><\/a> til a\u00f0 f\u00e1 frekari uppl\u00fdsingar.<\/h6>\n\n\n\n<h6 class=\"has-text-align-center\">Einnig er h\u00e6gt a\u00f0 sj\u00e1 umsagnir \u00e1n\u00e6g\u00f0ra vi\u00f0skiptavina h\u00e9r \u00e1 s\u00ed\u00f0unni sem l\u00fdsa reynslu sinni af snertilausu hreinl\u00e6tislausnunum fr\u00e1 <strong>VASKA<\/strong>.<\/h6>\n","protected":false},"excerpt":{"rendered":"<p>VASKA er me\u00f0 lausnina fyrir fyrirt\u00e6ki sem vilja hafa heilbrig\u00f0a umgengni og snyrtimennsku \u00ed fyrirr\u00fami. Ef \u00fe\u00fa telur a\u00f0 VASKA g\u00e6ti veri\u00f0 me\u00f0 lausnina sem \u00fe\u00fa hefur veri\u00f0 a\u00f0 leita a\u00f0 skaltu ekki hika a\u00f0 hafa samband vi\u00f0 J\u00f3hann Issa Hallgr\u00edmsson, s\u00f6lustj\u00f3ra VASKA, \u00ed&#8230;<\/p>\n","protected":false},"author":2,"featured_media":63,"parent":0,"menu_order":0,"comment_status":"closed","ping_status":"closed","template":"template-full.php","meta":[],"_links":{"self":[{"href":"https:\/\/vaska.is\/index.php?rest_route=\/wp\/v2\/pages\/58"}],"collection":[{"href":"https:\/\/vaska.is\/index.php?rest_route=\/wp\/v2\/pages"}],"about":[{"href":"https:\/\/vaska.is\/index.php?rest_route=\/wp\/v2\/types\/page"}],"author":[{"embeddable":true,"href":"https:\/\/vaska.is\/index.php?rest_route=\/wp\/v2\/users\/2"}],"replies":[{"embeddable":true,"href":"https:\/\/vaska.is\/index.php?rest_route=%2Fwp%2Fv2%2Fcomments&post=58"}],"version-history":[{"count":19,"href":"https:\/\/vaska.is\/index.php?rest_route=\/wp\/v2\/pages\/58\/revisions"}],"predecessor-version":[{"id":101,"href":"https:\/\/vaska.is\/index.php?rest_route=\/wp\/v2\/pages\/58\/revisions\/101"}],"wp:featuredmedia":[{"embeddable":true,"href":"https:\/\/vaska.is\/index.php?rest_route=\/wp\/v2\/media\/63"}],"wp:attachment":[{"href":"https:\/\/vaska.is\/index.php?rest_route=%2Fwp%2Fv2%2Fmedia&parent=58"}],"curies":[{"name":"wp","href":"https:\/\/api.w.org\/{rel}","templated":true}]}}