{"id":6,"date":"2020-08-07T16:31:55","date_gmt":"2020-08-07T16:31:55","guid":{"rendered":"http:\/\/vaska.is\/?page_id=6"},"modified":"2020-08-26T03:04:20","modified_gmt":"2020-08-26T03:04:20","slug":"vaska","status":"publish","type":"page","link":"https:\/\/vaska.is\/?page_id=6","title":{"rendered":"VASKA &#8211; hafi\u00f0 samband"},"content":{"rendered":"\n<p>Hafi\u00f0 samband fyrir frekari uppl\u00fdsingar \u00ed s\u00edma 843-9333 e\u00f0a sendi\u00f0 p\u00f3st \u00e1 <a href=\"mailto:vaska@vaska.is\">vaska@vaska.is<\/a><\/p>\n","protected":false},"excerpt":{"rendered":"<p>Hafi\u00f0 samband fyrir frekari uppl\u00fdsingar \u00ed s\u00edma 843-9333 e\u00f0a sendi\u00f0 p\u00f3st \u00e1 vaska@vaska.is<\/p>\n","protected":false},"author":2,"featured_media":0,"parent":0,"menu_order":3,"comment_status":"closed","ping_status":"closed","template":"","meta":[],"_links":{"self":[{"href":"https:\/\/vaska.is\/index.php?rest_route=\/wp\/v2\/pages\/6"}],"collection":[{"href":"https:\/\/vaska.is\/index.php?rest_route=\/wp\/v2\/pages"}],"about":[{"href":"https:\/\/vaska.is\/index.php?rest_route=\/wp\/v2\/types\/page"}],"author":[{"embeddable":true,"href":"https:\/\/vaska.is\/index.php?rest_route=\/wp\/v2\/users\/2"}],"replies":[{"embeddable":true,"href":"https:\/\/vaska.is\/index.php?rest_route=%2Fwp%2Fv2%2Fcomments&post=6"}],"version-history":[{"count":4,"href":"https:\/\/vaska.is\/index.php?rest_route=\/wp\/v2\/pages\/6\/revisions"}],"predecessor-version":[{"id":55,"href":"https:\/\/vaska.is\/index.php?rest_route=\/wp\/v2\/pages\/6\/revisions\/55"}],"wp:attachment":[{"href":"https:\/\/vaska.is\/index.php?rest_route=%2Fwp%2Fv2%2Fmedia&parent=6"}],"curies":[{"name":"wp","href":"https:\/\/api.w.org\/{rel}","templated":true}]}}