{"id":80,"date":"2020-08-26T04:04:12","date_gmt":"2020-08-26T04:04:12","guid":{"rendered":"http:\/\/vaska.is\/?page_id=80"},"modified":"2020-08-27T09:48:25","modified_gmt":"2020-08-27T09:48:25","slug":"retturinn","status":"publish","type":"page","link":"https:\/\/vaska.is\/?page_id=80","title":{"rendered":"R\u00e9tturinn"},"content":{"rendered":"\n<div class=\"wp-block-columns\">\n<div class=\"wp-block-column\" style=\"flex-basis:33.33%\">\n<figure class=\"wp-block-image size-large\"><a href=\"http:\/\/retturinn.is\" target=\"_blank\" rel=\"noopener noreferrer\"><img loading=\"lazy\" width=\"400\" height=\"400\" src=\"http:\/\/vaska.is\/wp-content\/uploads\/2020\/08\/retturinn.jpg\" alt=\"\" class=\"wp-image-81\" srcset=\"https:\/\/vaska.is\/wp-content\/uploads\/2020\/08\/retturinn.jpg 400w, https:\/\/vaska.is\/wp-content\/uploads\/2020\/08\/retturinn-300x300.jpg 300w, https:\/\/vaska.is\/wp-content\/uploads\/2020\/08\/retturinn-150x150.jpg 150w\" sizes=\"(max-width: 400px) 100vw, 400px\" \/><\/a><\/figure>\n<\/div>\n\n\n\n<div class=\"wp-block-column\" style=\"flex-basis:66.66%\">\n<h5><em>\u201eF\u00e6ranlegu hand\u00fevottast\u00f6\u00f0varnar fr\u00e1 Vaska.is eru fr\u00e1b\u00e6r lausn fyrir fyrirt\u00e6ki sem \u00feurfa a\u00f0 taka \u00e1 m\u00f3ti m\u00f6rgum gestum \u00e1 stuttum t\u00edma og \u00fear sem fyllsta hreinl\u00e6tis og s\u00f3tthreinsunar \u00fearf a\u00f0 g\u00e6ta a\u00f0. \u00deetta kom gr\u00ed\u00f0arlega vel \u00fat \u00e1 fyrsta degi og vi\u00f0skiptavinirnir \u00e1n\u00e6g\u00f0ir me\u00f0 \u00feetta framtak.\u201c<\/em><\/h5>\n\n\n\n<h6 class=\"has-text-align-right\"><em>Magn\u00fas \u00fe\u00f3risson, veitingama\u00f0ur.<\/em><\/h6>\n<\/div>\n<\/div>\n","protected":false},"excerpt":{"rendered":"<p>\u201eF\u00e6ranlegu hand\u00fevottast\u00f6\u00f0varnar fr\u00e1 Vaska.is eru fr\u00e1b\u00e6r lausn fyrir fyrirt\u00e6ki sem \u00feurfa a\u00f0 taka \u00e1 m\u00f3ti m\u00f6rgum gestum \u00e1 stuttum t\u00edma og \u00fear sem fyllsta hreinl\u00e6tis og s\u00f3tthreinsunar \u00fearf a\u00f0 g\u00e6ta a\u00f0. \u00deetta kom gr\u00ed\u00f0arlega vel \u00fat \u00e1 fyrsta degi og vi\u00f0skiptavinirnir \u00e1n\u00e6g\u00f0ir me\u00f0 \u00feetta&#8230;<\/p>\n","protected":false},"author":2,"featured_media":0,"parent":0,"menu_order":0,"comment_status":"closed","ping_status":"closed","template":"","meta":[],"_links":{"self":[{"href":"https:\/\/vaska.is\/index.php?rest_route=\/wp\/v2\/pages\/80"}],"collection":[{"href":"https:\/\/vaska.is\/index.php?rest_route=\/wp\/v2\/pages"}],"about":[{"href":"https:\/\/vaska.is\/index.php?rest_route=\/wp\/v2\/types\/page"}],"author":[{"embeddable":true,"href":"https:\/\/vaska.is\/index.php?rest_route=\/wp\/v2\/users\/2"}],"replies":[{"embeddable":true,"href":"https:\/\/vaska.is\/index.php?rest_route=%2Fwp%2Fv2%2Fcomments&post=80"}],"version-history":[{"count":4,"href":"https:\/\/vaska.is\/index.php?rest_route=\/wp\/v2\/pages\/80\/revisions"}],"predecessor-version":[{"id":110,"href":"https:\/\/vaska.is\/index.php?rest_route=\/wp\/v2\/pages\/80\/revisions\/110"}],"wp:attachment":[{"href":"https:\/\/vaska.is\/index.php?rest_route=%2Fwp%2Fv2%2Fmedia&parent=80"}],"curies":[{"name":"wp","href":"https:\/\/api.w.org\/{rel}","templated":true}]}}