{"id":84,"date":"2020-08-26T04:09:08","date_gmt":"2020-08-26T04:09:08","guid":{"rendered":"http:\/\/vaska.is\/?page_id=84"},"modified":"2020-08-27T09:49:54","modified_gmt":"2020-08-27T09:49:54","slug":"herramenn","status":"publish","type":"page","link":"https:\/\/vaska.is\/?page_id=84","title":{"rendered":"Herramenn"},"content":{"rendered":"\n<div class=\"wp-block-columns\">\n<div class=\"wp-block-column\" style=\"flex-basis:33.33%\">\n<figure class=\"wp-block-image size-large\"><a href=\"http:\/\/herramenn.is\" target=\"_blank\" rel=\"noopener noreferrer\"><img loading=\"lazy\" width=\"400\" height=\"230\" src=\"http:\/\/vaska.is\/wp-content\/uploads\/2020\/08\/herramenn.jpg\" alt=\"\" class=\"wp-image-98\" srcset=\"https:\/\/vaska.is\/wp-content\/uploads\/2020\/08\/herramenn.jpg 400w, https:\/\/vaska.is\/wp-content\/uploads\/2020\/08\/herramenn-300x173.jpg 300w\" sizes=\"(max-width: 400px) 100vw, 400px\" \/><\/a><\/figure>\n<\/div>\n\n\n\n<div class=\"wp-block-column\" style=\"flex-basis:66.66%\">\n<h5><em>\u201eVi\u00f0 <strong>Herramenn<\/strong> erum alveg \u00ed sk\u00fdjunum me\u00f0 \u00feessa fr\u00e1b\u00e6ru og huggulegu lausn vegna hand\u00fevotts vi\u00f0skiptavina okkar.\u201c<\/em><\/h5>\n\n\n\n<h6 class=\"has-text-align-right\"><em>Herramenn, rakarastofa.<\/em><\/h6>\n<\/div>\n<\/div>\n","protected":false},"excerpt":{"rendered":"<p>\u201eVi\u00f0 Herramenn erum alveg \u00ed sk\u00fdjunum me\u00f0 \u00feessa fr\u00e1b\u00e6ru og huggulegu lausn vegna hand\u00fevotts vi\u00f0skiptavina okkar.\u201c Herramenn, rakarastofa.<\/p>\n","protected":false},"author":2,"featured_media":0,"parent":0,"menu_order":0,"comment_status":"closed","ping_status":"closed","template":"","meta":[],"_links":{"self":[{"href":"https:\/\/vaska.is\/index.php?rest_route=\/wp\/v2\/pages\/84"}],"collection":[{"href":"https:\/\/vaska.is\/index.php?rest_route=\/wp\/v2\/pages"}],"about":[{"href":"https:\/\/vaska.is\/index.php?rest_route=\/wp\/v2\/types\/page"}],"author":[{"embeddable":true,"href":"https:\/\/vaska.is\/index.php?rest_route=\/wp\/v2\/users\/2"}],"replies":[{"embeddable":true,"href":"https:\/\/vaska.is\/index.php?rest_route=%2Fwp%2Fv2%2Fcomments&post=84"}],"version-history":[{"count":4,"href":"https:\/\/vaska.is\/index.php?rest_route=\/wp\/v2\/pages\/84\/revisions"}],"predecessor-version":[{"id":111,"href":"https:\/\/vaska.is\/index.php?rest_route=\/wp\/v2\/pages\/84\/revisions\/111"}],"wp:attachment":[{"href":"https:\/\/vaska.is\/index.php?rest_route=%2Fwp%2Fv2%2Fmedia&parent=84"}],"curies":[{"name":"wp","href":"https:\/\/api.w.org\/{rel}","templated":true}]}}